{"id":10,"date":"2021-04-27T11:29:41","date_gmt":"2021-04-27T11:29:41","guid":{"rendered":"https:\/\/psychopower.click\/?post_type=product&#038;p=10"},"modified":"2023-12-19T12:37:25","modified_gmt":"2023-12-19T12:37:25","slug":"nova-strana-zivota","status":"publish","type":"product","link":"https:\/\/morrisonstore.com\/index.php\/product\/nova-strana-zivota\/","title":{"rendered":"Nova Strana \u017divota"},"content":{"rendered":"<p>Paket Nova Strana \u017divota<\/p>\n<p>elektronska knjiga i multimedijski sadr\u017eaji<\/p>\n","protected":false},"excerpt":{"rendered":"<p>eKnjiga Nova Strana \u017divota<br \/>\nAutor Prof. Tony Markovina<\/p>\n<p><span class=\"auto-style14\"><span style=\"font-size: x-large;\"><strong><span style=\"color: #ff0000;\">Garancija 6 mjeseci<\/span><br \/>\n<\/strong><\/span><\/span><span class=\"auto-style13\"><strong>Puni povrat novca ako niste zadovoljni. Nitko vas ne\u0107e pitati za razlog za\u0161to tra\u017eite povrat novca.<br \/>\n<\/strong><\/span><\/p>\n","protected":false},"featured_media":56,"comment_status":"open","ping_status":"closed","template":"","meta":[],"product_brand":[],"product_cat":[16],"product_tag":[],"class_list":{"0":"post-10","1":"product","2":"type-product","3":"status-publish","4":"has-post-thumbnail","6":"product_cat-konzultacije","8":"first","9":"instock","10":"downloadable","11":"virtual","12":"purchasable","13":"product-type-simple"},"jetpack_sharing_enabled":true,"_links":{"self":[{"href":"https:\/\/morrisonstore.com\/index.php\/wp-json\/wp\/v2\/product\/10","targetHints":{"allow":["GET"]}}],"collection":[{"href":"https:\/\/morrisonstore.com\/index.php\/wp-json\/wp\/v2\/product"}],"about":[{"href":"https:\/\/morrisonstore.com\/index.php\/wp-json\/wp\/v2\/types\/product"}],"replies":[{"embeddable":true,"href":"https:\/\/morrisonstore.com\/index.php\/wp-json\/wp\/v2\/comments?post=10"}],"wp:featuredmedia":[{"embeddable":true,"href":"https:\/\/morrisonstore.com\/index.php\/wp-json\/wp\/v2\/media\/56"}],"wp:attachment":[{"href":"https:\/\/morrisonstore.com\/index.php\/wp-json\/wp\/v2\/media?parent=10"}],"wp:term":[{"taxonomy":"product_brand","embeddable":true,"href":"https:\/\/morrisonstore.com\/index.php\/wp-json\/wp\/v2\/product_brand?post=10"},{"taxonomy":"product_cat","embeddable":true,"href":"https:\/\/morrisonstore.com\/index.php\/wp-json\/wp\/v2\/product_cat?post=10"},{"taxonomy":"product_tag","embeddable":true,"href":"https:\/\/morrisonstore.com\/index.php\/wp-json\/wp\/v2\/product_tag?post=10"}],"curies":[{"name":"wp","href":"https:\/\/api.w.org\/{rel}","templated":true}]}}